{"id":23,"date":"2023-02-13T19:52:17","date_gmt":"2023-02-13T19:52:17","guid":{"rendered":"http:\/\/www.szakacsliliana.hu\/?page_id=23"},"modified":"2023-06-18T09:08:10","modified_gmt":"2023-06-18T09:08:10","slug":"kapcsolat-elerhetosege-kapcsolatfelvetel","status":"publish","type":"page","link":"https:\/\/www.szakacsliliana.hu\/?page_id=23","title":{"rendered":"Kapcsolat"},"content":{"rendered":"\n<p class=\"has-text-align-left\" style=\"font-size:18px;font-style:normal;font-weight:500\">Keressen bizalommal az al\u00e1bbi el\u00e9rhet\u0151s\u00e9gemen<\/p>\n\n\n\n<div class=\"wp-block-group is-content-justification-left is-nowrap is-layout-flex wp-container-core-group-is-layout-f56a869c wp-block-group-is-layout-flex\"><div class=\"wp-block-image\">\n<figure class=\"aligncenter size-full is-resized\"><img loading=\"lazy\" decoding=\"async\" src=\"http:\/\/www.szakacsliliana.hu\/wp-content\/uploads\/2023\/02\/baseline_email_black_36dp-e1676299595982.png\" alt=\"\" class=\"wp-image-29\" width=\"27\" height=\"27\"\/><\/figure>\n<\/div>\n\n\n<p class=\"has-text-align-center\" style=\"font-size:16px;font-style:normal;font-weight:400;line-height:1.5\"><em>szakacs.liliana28@gmail.com<\/em><\/p>\n<\/div>\n\n\n\n<h2 class=\"wp-block-heading\">Helysz\u00edn<\/h2>\n\n\n\n<div class=\"wp-block-media-text alignwide is-stacked-on-mobile\" style=\"grid-template-columns:62% auto\"><figure class=\"wp-block-media-text__media\"><a href=\"https:\/\/www.google.com\/maps\/place\/Mind+'n'+T%C3%A9r+Pszichol%C3%B3giai+Rendel%C5%91\/@47.4964464,19.0702593,17z\/data=!3m1!4b1!4m6!3m5!1s0x4741dd4a5ab41141:0x7e4b4f2c445a6835!8m2!3d47.4964428!4d19.072448!16s%2Fg%2F11mhjmp8r3\"><img loading=\"lazy\" decoding=\"async\" width=\"1024\" height=\"722\" src=\"http:\/\/www.szakacsliliana.hu\/wp-content\/uploads\/2023\/02\/Screenshot-2023-02-14-at-11.43.44-1024x722.png\" alt=\"\" class=\"wp-image-84 size-full\" srcset=\"https:\/\/www.szakacsliliana.hu\/wp-content\/uploads\/2023\/02\/Screenshot-2023-02-14-at-11.43.44-1024x722.png 1024w, https:\/\/www.szakacsliliana.hu\/wp-content\/uploads\/2023\/02\/Screenshot-2023-02-14-at-11.43.44-300x212.png 300w, https:\/\/www.szakacsliliana.hu\/wp-content\/uploads\/2023\/02\/Screenshot-2023-02-14-at-11.43.44-768x542.png 768w, https:\/\/www.szakacsliliana.hu\/wp-content\/uploads\/2023\/02\/Screenshot-2023-02-14-at-11.43.44-220x154.png 220w, https:\/\/www.szakacsliliana.hu\/wp-content\/uploads\/2023\/02\/Screenshot-2023-02-14-at-11.43.44-350x247.png 350w, https:\/\/www.szakacsliliana.hu\/wp-content\/uploads\/2023\/02\/Screenshot-2023-02-14-at-11.43.44-85x60.png 85w, https:\/\/www.szakacsliliana.hu\/wp-content\/uploads\/2023\/02\/Screenshot-2023-02-14-at-11.43.44-128x90.png 128w, https:\/\/www.szakacsliliana.hu\/wp-content\/uploads\/2023\/02\/Screenshot-2023-02-14-at-11.43.44.png 1080w\" sizes=\"auto, (max-width: 706px) 89vw, (max-width: 767px) 82vw, 740px\" \/><\/a><\/figure><div class=\"wp-block-media-text__content\">\n<p><strong>Mind\u2019n\u2019T\u00e9r Pszichol\u00f3giai Rendel\u0151 <\/strong><br><a href=\"https:\/\/www.mindenteren.hu\/\" target=\"_blank\" rel=\"noreferrer noopener\">www.mindenteren.hu<\/a><br><br><a href=\"https:\/\/www.google.com\/maps\/place\/Mind+'n'+T%C3%A9r+Pszichol%C3%B3giai+Rendel%C5%91\/@47.4964428,19.072448,17z\/data=!3m1!4b1!4m6!3m5!1s0x4741dd4a5ab41141:0x7e4b4f2c445a6835!8m2!3d47.4964428!4d19.072448!16s%2Fg%2F11mhjmp8r3\" target=\"_blank\" rel=\"noreferrer noopener\">Budapest VIII., Csokonai u. 10. Fszt.3.<\/a> (a Blaha Lujza t\u00e9rt\u0151l 2 perc s\u00e9ta)<br><br>kapucseng\u0151: 11 <\/p>\n<\/div><\/div>\n","protected":false},"excerpt":{"rendered":"<p>Keressen bizalommal az al\u00e1bbi el\u00e9rhet\u0151s\u00e9gemen szakacs.liliana28@gmail.com Helysz\u00edn Mind\u2019n\u2019T\u00e9r Pszichol\u00f3giai Rendel\u0151 www.mindenteren.hu Budapest VIII., Csokonai u. 10. Fszt.3. (a Blaha Lujza t\u00e9rt\u0151l 2 perc s\u00e9ta) kapucseng\u0151: 11<\/p>\n","protected":false},"author":1,"featured_media":53,"parent":0,"menu_order":0,"comment_status":"closed","ping_status":"closed","template":"","meta":{"_mi_skip_tracking":false,"footnotes":""},"class_list":["post-23","page","type-page","status-publish","has-post-thumbnail","hentry"],"yoast_head":"<!-- This site is optimized with the Yoast SEO plugin v20.1 - https:\/\/yoast.com\/wordpress\/plugins\/seo\/ -->\n<title>Kapcsolat -<\/title>\n<meta name=\"description\" content=\"Ezen az oldalon a felhaszn\u00e1l\u00f3 a k\u00f6vetkez\u0151 el\u00e9rhet\u0151s\u00e9geim k\u00f6z\u00fcl v\u00e1laszthat: telefon vagy email el\u00e9rhet\u0151s\u00e9g.\" \/>\n<meta name=\"robots\" content=\"index, follow, max-snippet:-1, max-image-preview:large, max-video-preview:-1\" \/>\n<link rel=\"canonical\" href=\"https:\/\/www.szakacsliliana.hu\/?page_id=23\" \/>\n<meta property=\"og:locale\" content=\"hu_HU\" \/>\n<meta property=\"og:type\" content=\"article\" \/>\n<meta property=\"og:title\" content=\"Kapcsolat -\" \/>\n<meta property=\"og:description\" content=\"Ezen az oldalon a felhaszn\u00e1l\u00f3 a k\u00f6vetkez\u0151 el\u00e9rhet\u0151s\u00e9geim k\u00f6z\u00fcl v\u00e1laszthat: telefon vagy email el\u00e9rhet\u0151s\u00e9g.\" \/>\n<meta property=\"og:url\" content=\"https:\/\/www.szakacsliliana.hu\/?page_id=23\" \/>\n<meta property=\"og:site_name\" content=\"Szak\u00e1cs Lili\u00e1na - Klinikai szakpszichol\u00f3gus, zeneterapeuta\" \/>\n<meta property=\"article:modified_time\" content=\"2023-06-18T09:08:10+00:00\" \/>\n<meta property=\"og:image\" content=\"https:\/\/www.szakacsliliana.hu\/wp-content\/uploads\/2023\/02\/hatterkep2.jpeg\" \/>\n\t<meta property=\"og:image:width\" content=\"1024\" \/>\n\t<meta property=\"og:image:height\" content=\"683\" \/>\n\t<meta property=\"og:image:type\" content=\"image\/jpeg\" \/>\n<meta name=\"twitter:card\" content=\"summary_large_image\" \/>\n<meta name=\"twitter:label1\" content=\"Becs\u00fclt olvas\u00e1si id\u0151\" \/>\n\t<meta name=\"twitter:data1\" content=\"1 perc\" \/>\n<script type=\"application\/ld+json\" class=\"yoast-schema-graph\">{\"@context\":\"https:\/\/schema.org\",\"@graph\":[{\"@type\":\"WebPage\",\"@id\":\"https:\/\/www.szakacsliliana.hu\/?page_id=23\",\"url\":\"https:\/\/www.szakacsliliana.hu\/?page_id=23\",\"name\":\"Kapcsolat -\",\"isPartOf\":{\"@id\":\"https:\/\/www.szakacsliliana.hu\/#website\"},\"datePublished\":\"2023-02-13T19:52:17+00:00\",\"dateModified\":\"2023-06-18T09:08:10+00:00\",\"description\":\"Ezen az oldalon a felhaszn\u00e1l\u00f3 a k\u00f6vetkez\u0151 el\u00e9rhet\u0151s\u00e9geim k\u00f6z\u00fcl v\u00e1laszthat: telefon vagy email el\u00e9rhet\u0151s\u00e9g.\",\"breadcrumb\":{\"@id\":\"https:\/\/www.szakacsliliana.hu\/?page_id=23#breadcrumb\"},\"inLanguage\":\"hu\",\"potentialAction\":[{\"@type\":\"ReadAction\",\"target\":[\"https:\/\/www.szakacsliliana.hu\/?page_id=23\"]}]},{\"@type\":\"BreadcrumbList\",\"@id\":\"https:\/\/www.szakacsliliana.hu\/?page_id=23#breadcrumb\",\"itemListElement\":[{\"@type\":\"ListItem\",\"position\":1,\"name\":\"Home\",\"item\":\"https:\/\/www.szakacsliliana.hu\/\"},{\"@type\":\"ListItem\",\"position\":2,\"name\":\"Kapcsolat\"}]},{\"@type\":\"WebSite\",\"@id\":\"https:\/\/www.szakacsliliana.hu\/#website\",\"url\":\"https:\/\/www.szakacsliliana.hu\/\",\"name\":\"Szak\u00e1cs Lili\u00e1na - Klinikai szakpszichol\u00f3gus, zeneterapeuta\",\"description\":\"\",\"potentialAction\":[{\"@type\":\"SearchAction\",\"target\":{\"@type\":\"EntryPoint\",\"urlTemplate\":\"https:\/\/www.szakacsliliana.hu\/?s={search_term_string}\"},\"query-input\":\"required name=search_term_string\"}],\"inLanguage\":\"hu\"}]}<\/script>\n<!-- \/ Yoast SEO plugin. -->","yoast_head_json":{"title":"Kapcsolat -","description":"Ezen az oldalon a felhaszn\u00e1l\u00f3 a k\u00f6vetkez\u0151 el\u00e9rhet\u0151s\u00e9geim k\u00f6z\u00fcl v\u00e1laszthat: telefon vagy email el\u00e9rhet\u0151s\u00e9g.","robots":{"index":"index","follow":"follow","max-snippet":"max-snippet:-1","max-image-preview":"max-image-preview:large","max-video-preview":"max-video-preview:-1"},"canonical":"https:\/\/www.szakacsliliana.hu\/?page_id=23","og_locale":"hu_HU","og_type":"article","og_title":"Kapcsolat -","og_description":"Ezen az oldalon a felhaszn\u00e1l\u00f3 a k\u00f6vetkez\u0151 el\u00e9rhet\u0151s\u00e9geim k\u00f6z\u00fcl v\u00e1laszthat: telefon vagy email el\u00e9rhet\u0151s\u00e9g.","og_url":"https:\/\/www.szakacsliliana.hu\/?page_id=23","og_site_name":"Szak\u00e1cs Lili\u00e1na - Klinikai szakpszichol\u00f3gus, zeneterapeuta","article_modified_time":"2023-06-18T09:08:10+00:00","og_image":[{"width":1024,"height":683,"url":"https:\/\/www.szakacsliliana.hu\/wp-content\/uploads\/2023\/02\/hatterkep2.jpeg","type":"image\/jpeg"}],"twitter_card":"summary_large_image","twitter_misc":{"Becs\u00fclt olvas\u00e1si id\u0151":"1 perc"},"schema":{"@context":"https:\/\/schema.org","@graph":[{"@type":"WebPage","@id":"https:\/\/www.szakacsliliana.hu\/?page_id=23","url":"https:\/\/www.szakacsliliana.hu\/?page_id=23","name":"Kapcsolat -","isPartOf":{"@id":"https:\/\/www.szakacsliliana.hu\/#website"},"datePublished":"2023-02-13T19:52:17+00:00","dateModified":"2023-06-18T09:08:10+00:00","description":"Ezen az oldalon a felhaszn\u00e1l\u00f3 a k\u00f6vetkez\u0151 el\u00e9rhet\u0151s\u00e9geim k\u00f6z\u00fcl v\u00e1laszthat: telefon vagy email el\u00e9rhet\u0151s\u00e9g.","breadcrumb":{"@id":"https:\/\/www.szakacsliliana.hu\/?page_id=23#breadcrumb"},"inLanguage":"hu","potentialAction":[{"@type":"ReadAction","target":["https:\/\/www.szakacsliliana.hu\/?page_id=23"]}]},{"@type":"BreadcrumbList","@id":"https:\/\/www.szakacsliliana.hu\/?page_id=23#breadcrumb","itemListElement":[{"@type":"ListItem","position":1,"name":"Home","item":"https:\/\/www.szakacsliliana.hu\/"},{"@type":"ListItem","position":2,"name":"Kapcsolat"}]},{"@type":"WebSite","@id":"https:\/\/www.szakacsliliana.hu\/#website","url":"https:\/\/www.szakacsliliana.hu\/","name":"Szak\u00e1cs Lili\u00e1na - Klinikai szakpszichol\u00f3gus, zeneterapeuta","description":"","potentialAction":[{"@type":"SearchAction","target":{"@type":"EntryPoint","urlTemplate":"https:\/\/www.szakacsliliana.hu\/?s={search_term_string}"},"query-input":"required name=search_term_string"}],"inLanguage":"hu"}]}},"_links":{"self":[{"href":"https:\/\/www.szakacsliliana.hu\/index.php?rest_route=\/wp\/v2\/pages\/23","targetHints":{"allow":["GET"]}}],"collection":[{"href":"https:\/\/www.szakacsliliana.hu\/index.php?rest_route=\/wp\/v2\/pages"}],"about":[{"href":"https:\/\/www.szakacsliliana.hu\/index.php?rest_route=\/wp\/v2\/types\/page"}],"author":[{"embeddable":true,"href":"https:\/\/www.szakacsliliana.hu\/index.php?rest_route=\/wp\/v2\/users\/1"}],"replies":[{"embeddable":true,"href":"https:\/\/www.szakacsliliana.hu\/index.php?rest_route=%2Fwp%2Fv2%2Fcomments&post=23"}],"version-history":[{"count":13,"href":"https:\/\/www.szakacsliliana.hu\/index.php?rest_route=\/wp\/v2\/pages\/23\/revisions"}],"predecessor-version":[{"id":92,"href":"https:\/\/www.szakacsliliana.hu\/index.php?rest_route=\/wp\/v2\/pages\/23\/revisions\/92"}],"wp:featuredmedia":[{"embeddable":true,"href":"https:\/\/www.szakacsliliana.hu\/index.php?rest_route=\/wp\/v2\/media\/53"}],"wp:attachment":[{"href":"https:\/\/www.szakacsliliana.hu\/index.php?rest_route=%2Fwp%2Fv2%2Fmedia&parent=23"}],"curies":[{"name":"wp","href":"https:\/\/api.w.org\/{rel}","templated":true}]}}