{"id":42,"date":"2023-02-13T20:06:23","date_gmt":"2023-02-13T20:06:23","guid":{"rendered":"http:\/\/www.szakacsliliana.hu\/?page_id=42"},"modified":"2023-02-14T09:38:55","modified_gmt":"2023-02-14T09:38:55","slug":"kezdooldal","status":"publish","type":"page","link":"https:\/\/www.szakacsliliana.hu\/","title":{"rendered":"Kezd\u0151oldal"},"content":{"rendered":"\n<figure class=\"wp-block-pullquote\"><blockquote><p>&#8222;<em>\u00c9rdekes paradoxon, hogy mire k\u00e9pes vagyok elfogadni magam olyannak, amilyen vagyok, akkor v\u00e1lok k\u00e9pess\u00e9 a v\u00e1ltoz\u00e1sra.<\/em>&#8222;<\/p><cite>Carl Rogers<\/cite><\/blockquote><\/figure>\n","protected":false},"excerpt":{"rendered":"<p>&#8222;\u00c9rdekes paradoxon, hogy mire k\u00e9pes vagyok elfogadni magam olyannak, amilyen vagyok, akkor v\u00e1lok k\u00e9pess\u00e9 a v\u00e1ltoz\u00e1sra.&#8222; Carl Rogers<\/p>\n","protected":false},"author":1,"featured_media":54,"parent":0,"menu_order":0,"comment_status":"closed","ping_status":"closed","template":"","meta":{"_mi_skip_tracking":false,"footnotes":""},"class_list":["post-42","page","type-page","status-publish","has-post-thumbnail","hentry"],"yoast_head":"<!-- This site is optimized with the Yoast SEO plugin v20.1 - https:\/\/yoast.com\/wordpress\/plugins\/seo\/ -->\n<title>Kezd\u0151oldal - Szak\u00e1cs Lili\u00e1na - Klinikai szakpszichol\u00f3gus, zeneterapeuta<\/title>\n<meta name=\"robots\" content=\"index, follow, max-snippet:-1, max-image-preview:large, max-video-preview:-1\" \/>\n<link rel=\"canonical\" href=\"https:\/\/www.szakacsliliana.hu\/\" \/>\n<meta property=\"og:locale\" content=\"hu_HU\" \/>\n<meta property=\"og:type\" content=\"article\" \/>\n<meta property=\"og:title\" content=\"Kezd\u0151oldal - Szak\u00e1cs Lili\u00e1na - Klinikai szakpszichol\u00f3gus, zeneterapeuta\" \/>\n<meta property=\"og:description\" content=\"&#8222;\u00c9rdekes paradoxon, hogy mire k\u00e9pes vagyok elfogadni magam olyannak, amilyen vagyok, akkor v\u00e1lok k\u00e9pess\u00e9 a v\u00e1ltoz\u00e1sra.&#8222; Carl Rogers\" \/>\n<meta property=\"og:url\" content=\"https:\/\/www.szakacsliliana.hu\/\" \/>\n<meta property=\"og:site_name\" content=\"Szak\u00e1cs Lili\u00e1na - Klinikai szakpszichol\u00f3gus, zeneterapeuta\" \/>\n<meta property=\"article:modified_time\" content=\"2023-02-14T09:38:55+00:00\" \/>\n<meta property=\"og:image\" content=\"https:\/\/www.szakacsliliana.hu\/wp-content\/uploads\/2023\/02\/hatterkep4-e1676322587680.jpg\" \/>\n\t<meta property=\"og:image:width\" content=\"2105\" \/>\n\t<meta property=\"og:image:height\" content=\"1315\" \/>\n\t<meta property=\"og:image:type\" content=\"image\/jpeg\" \/>\n<meta name=\"twitter:card\" content=\"summary_large_image\" \/>\n<meta name=\"twitter:label1\" content=\"Becs\u00fclt olvas\u00e1si id\u0151\" \/>\n\t<meta name=\"twitter:data1\" content=\"1 perc\" \/>\n<script type=\"application\/ld+json\" class=\"yoast-schema-graph\">{\"@context\":\"https:\/\/schema.org\",\"@graph\":[{\"@type\":\"WebPage\",\"@id\":\"https:\/\/www.szakacsliliana.hu\/\",\"url\":\"https:\/\/www.szakacsliliana.hu\/\",\"name\":\"Kezd\u0151oldal - Szak\u00e1cs Lili\u00e1na - Klinikai szakpszichol\u00f3gus, zeneterapeuta\",\"isPartOf\":{\"@id\":\"https:\/\/www.szakacsliliana.hu\/#website\"},\"datePublished\":\"2023-02-13T20:06:23+00:00\",\"dateModified\":\"2023-02-14T09:38:55+00:00\",\"breadcrumb\":{\"@id\":\"https:\/\/www.szakacsliliana.hu\/#breadcrumb\"},\"inLanguage\":\"hu\",\"potentialAction\":[{\"@type\":\"ReadAction\",\"target\":[\"https:\/\/www.szakacsliliana.hu\/\"]}]},{\"@type\":\"BreadcrumbList\",\"@id\":\"https:\/\/www.szakacsliliana.hu\/#breadcrumb\",\"itemListElement\":[{\"@type\":\"ListItem\",\"position\":1,\"name\":\"Home\",\"item\":\"https:\/\/www.szakacsliliana.hu\/\"},{\"@type\":\"ListItem\",\"position\":2,\"name\":\"Kezd\u0151oldal\"}]},{\"@type\":\"WebSite\",\"@id\":\"https:\/\/www.szakacsliliana.hu\/#website\",\"url\":\"https:\/\/www.szakacsliliana.hu\/\",\"name\":\"Szak\u00e1cs Lili\u00e1na - Klinikai szakpszichol\u00f3gus, zeneterapeuta\",\"description\":\"\",\"potentialAction\":[{\"@type\":\"SearchAction\",\"target\":{\"@type\":\"EntryPoint\",\"urlTemplate\":\"https:\/\/www.szakacsliliana.hu\/?s={search_term_string}\"},\"query-input\":\"required name=search_term_string\"}],\"inLanguage\":\"hu\"}]}<\/script>\n<!-- \/ Yoast SEO plugin. -->","yoast_head_json":{"title":"Kezd\u0151oldal - Szak\u00e1cs Lili\u00e1na - Klinikai szakpszichol\u00f3gus, zeneterapeuta","robots":{"index":"index","follow":"follow","max-snippet":"max-snippet:-1","max-image-preview":"max-image-preview:large","max-video-preview":"max-video-preview:-1"},"canonical":"https:\/\/www.szakacsliliana.hu\/","og_locale":"hu_HU","og_type":"article","og_title":"Kezd\u0151oldal - Szak\u00e1cs Lili\u00e1na - Klinikai szakpszichol\u00f3gus, zeneterapeuta","og_description":"&#8222;\u00c9rdekes paradoxon, hogy mire k\u00e9pes vagyok elfogadni magam olyannak, amilyen vagyok, akkor v\u00e1lok k\u00e9pess\u00e9 a v\u00e1ltoz\u00e1sra.&#8222; Carl Rogers","og_url":"https:\/\/www.szakacsliliana.hu\/","og_site_name":"Szak\u00e1cs Lili\u00e1na - Klinikai szakpszichol\u00f3gus, zeneterapeuta","article_modified_time":"2023-02-14T09:38:55+00:00","og_image":[{"width":2105,"height":1315,"url":"https:\/\/www.szakacsliliana.hu\/wp-content\/uploads\/2023\/02\/hatterkep4-e1676322587680.jpg","type":"image\/jpeg"}],"twitter_card":"summary_large_image","twitter_misc":{"Becs\u00fclt olvas\u00e1si id\u0151":"1 perc"},"schema":{"@context":"https:\/\/schema.org","@graph":[{"@type":"WebPage","@id":"https:\/\/www.szakacsliliana.hu\/","url":"https:\/\/www.szakacsliliana.hu\/","name":"Kezd\u0151oldal - Szak\u00e1cs Lili\u00e1na - Klinikai szakpszichol\u00f3gus, zeneterapeuta","isPartOf":{"@id":"https:\/\/www.szakacsliliana.hu\/#website"},"datePublished":"2023-02-13T20:06:23+00:00","dateModified":"2023-02-14T09:38:55+00:00","breadcrumb":{"@id":"https:\/\/www.szakacsliliana.hu\/#breadcrumb"},"inLanguage":"hu","potentialAction":[{"@type":"ReadAction","target":["https:\/\/www.szakacsliliana.hu\/"]}]},{"@type":"BreadcrumbList","@id":"https:\/\/www.szakacsliliana.hu\/#breadcrumb","itemListElement":[{"@type":"ListItem","position":1,"name":"Home","item":"https:\/\/www.szakacsliliana.hu\/"},{"@type":"ListItem","position":2,"name":"Kezd\u0151oldal"}]},{"@type":"WebSite","@id":"https:\/\/www.szakacsliliana.hu\/#website","url":"https:\/\/www.szakacsliliana.hu\/","name":"Szak\u00e1cs Lili\u00e1na - Klinikai szakpszichol\u00f3gus, zeneterapeuta","description":"","potentialAction":[{"@type":"SearchAction","target":{"@type":"EntryPoint","urlTemplate":"https:\/\/www.szakacsliliana.hu\/?s={search_term_string}"},"query-input":"required name=search_term_string"}],"inLanguage":"hu"}]}},"_links":{"self":[{"href":"https:\/\/www.szakacsliliana.hu\/index.php?rest_route=\/wp\/v2\/pages\/42","targetHints":{"allow":["GET"]}}],"collection":[{"href":"https:\/\/www.szakacsliliana.hu\/index.php?rest_route=\/wp\/v2\/pages"}],"about":[{"href":"https:\/\/www.szakacsliliana.hu\/index.php?rest_route=\/wp\/v2\/types\/page"}],"author":[{"embeddable":true,"href":"https:\/\/www.szakacsliliana.hu\/index.php?rest_route=\/wp\/v2\/users\/1"}],"replies":[{"embeddable":true,"href":"https:\/\/www.szakacsliliana.hu\/index.php?rest_route=%2Fwp%2Fv2%2Fcomments&post=42"}],"version-history":[{"count":4,"href":"https:\/\/www.szakacsliliana.hu\/index.php?rest_route=\/wp\/v2\/pages\/42\/revisions"}],"predecessor-version":[{"id":73,"href":"https:\/\/www.szakacsliliana.hu\/index.php?rest_route=\/wp\/v2\/pages\/42\/revisions\/73"}],"wp:featuredmedia":[{"embeddable":true,"href":"https:\/\/www.szakacsliliana.hu\/index.php?rest_route=\/wp\/v2\/media\/54"}],"wp:attachment":[{"href":"https:\/\/www.szakacsliliana.hu\/index.php?rest_route=%2Fwp%2Fv2%2Fmedia&parent=42"}],"curies":[{"name":"wp","href":"https:\/\/api.w.org\/{rel}","templated":true}]}}