{"id":70,"date":"2023-02-14T09:48:22","date_gmt":"2023-02-14T09:48:22","guid":{"rendered":"http:\/\/www.szakacsliliana.hu\/?page_id=70"},"modified":"2023-02-14T14:09:13","modified_gmt":"2023-02-14T14:09:13","slug":"bemutatkozas-magamrol-rolam","status":"publish","type":"page","link":"https:\/\/www.szakacsliliana.hu\/?page_id=70","title":{"rendered":"Bemutatkoz\u00e1s"},"content":{"rendered":"\n<div class=\"wp-block-media-text alignwide has-media-on-the-right is-stacked-on-mobile\" style=\"grid-template-columns:auto 43%\"><div class=\"wp-block-media-text__content\">\n<p class=\"has-text-align-left has-medium-font-size\"><em>Szak\u00e1cs Lili\u00e1na vagyok, klinikai- \u00e9s ment\u00e1lhigi\u00e9niai szakpszichol\u00f3gus, okleveles zeneterapeuta.<\/em><\/p>\n<\/div><figure class=\"wp-block-media-text__media\"><img loading=\"lazy\" decoding=\"async\" width=\"683\" height=\"1024\" src=\"http:\/\/www.szakacsliliana.hu\/wp-content\/uploads\/2023\/02\/IMG_5684-a-683x1024.jpeg\" alt=\"\" class=\"wp-image-88 size-full\" srcset=\"https:\/\/www.szakacsliliana.hu\/wp-content\/uploads\/2023\/02\/IMG_5684-a-683x1024.jpeg 683w, https:\/\/www.szakacsliliana.hu\/wp-content\/uploads\/2023\/02\/IMG_5684-a-200x300.jpeg 200w, https:\/\/www.szakacsliliana.hu\/wp-content\/uploads\/2023\/02\/IMG_5684-a-768x1152.jpeg 768w, https:\/\/www.szakacsliliana.hu\/wp-content\/uploads\/2023\/02\/IMG_5684-a-1024x1536.jpeg 1024w, https:\/\/www.szakacsliliana.hu\/wp-content\/uploads\/2023\/02\/IMG_5684-a-1365x2048.jpeg 1365w, https:\/\/www.szakacsliliana.hu\/wp-content\/uploads\/2023\/02\/IMG_5684-a-350x525.jpeg 350w, https:\/\/www.szakacsliliana.hu\/wp-content\/uploads\/2023\/02\/IMG_5684-a-40x60.jpeg 40w, https:\/\/www.szakacsliliana.hu\/wp-content\/uploads\/2023\/02\/IMG_5684-a-60x90.jpeg 60w, https:\/\/www.szakacsliliana.hu\/wp-content\/uploads\/2023\/02\/IMG_5684-a-scaled.jpeg 1707w\" sizes=\"auto, (max-width: 683px) 100vw, 683px\" \/><\/figure><\/div>\n\n\n\n<div class=\"wp-block-group\"><div class=\"wp-block-group__inner-container is-layout-constrained wp-block-group-is-layout-constrained\">\n<p style=\"font-size:16px\">F\u0151\u00e1ll\u00e1somban a pszichol\u00f3gusi oklevelem megszerz\u00e9se ut\u00e1n 2015-t\u0151l 5 \u00e9ven \u00e1t pedag\u00f3giai szakszolg\u00e1latn\u00e1l (kor\u00e1bbi nev\u00e9n nevel\u00e9si tan\u00e1csad\u00f3) dolgoztam, ahol munk\u00e1m sor\u00e1n gazdag tapasztalatot szerezhettem a gyermekekkel, serd\u00fcl\u0151kkel \u00e9s sz\u00fcl\u0151kkel folytatott k\u00f6z\u00f6s munk\u00e1r\u00f3l. Jelenleg szak\u00e9rt\u0151i bizotts\u00e1gban dolgozom, ahol diagnosztikai munk\u00e1t v\u00e9gzek, emellett kezdtem meg mag\u00e1nrendel\u00e9semet a Mind &#8216;n&#8217; T\u00e9r csapat tagjak\u00e9nt. Gyermekek \u00e9s sz\u00fcleik, valamint fiatal feln\u0151ttek megseg\u00edt\u00e9s\u00e9t helyezem a f\u00f3kuszba.<br><br>A gyermekekkel val\u00f3 munk\u00e1ban fontos szerepet tulajdon\u00edtok a m\u0171v\u00e9szetter\u00e1pi\u00e1s elemeknek, j\u00e1t\u00e9kter\u00e1pi\u00e1s \u00e9s zeneter\u00e1pi\u00e1s eszk\u00f6z\u00f6knek.<\/p>\n\n\n\n<p style=\"font-size:16px\">Feln\u0151ttekkel dinamikus \u00e9s rendszerszeml\u00e9leten alapul\u00f3 felt\u00e1r\u00f3 besz\u00e9lget\u00e9s keret\u00e9ben azonos\u00edtjuk a hozott neh\u00e9zs\u00e9gek, elakad\u00e1sok okait \u00e9s dolgozunk ki k\u00f6z\u00f6sen olyan alternat\u00edv viselked\u00e9si mint\u00e1kat, amik hat\u00e9konyabbak lehetnek a jelenben. Emellett feln\u0151ttekkel is haszn\u00e1lok relax\u00e1ci\u00f3s, zeneter\u00e1pi\u00e1s, m\u0171v\u00e9szetter\u00e1pi\u00e1s elemeket is.<\/p>\n\n\n\n<p style=\"font-size:16px\">Munk\u00e1mat rendszeres szuperv\u00edzi\u00f3 mellett v\u00e9gzem.<\/p>\n\n\n\n<p style=\"font-size:18px;font-style:normal;font-weight:600\">Forduljanak hozz\u00e1m bizalommal!<\/p>\n<\/div><\/div>\n","protected":false},"excerpt":{"rendered":"<p>Szak\u00e1cs Lili\u00e1na vagyok, klinikai- \u00e9s ment\u00e1lhigi\u00e9niai szakpszichol\u00f3gus, okleveles zeneterapeuta. F\u0151\u00e1ll\u00e1somban a pszichol\u00f3gusi oklevelem megszerz\u00e9se ut\u00e1n 2015-t\u0151l 5 \u00e9ven \u00e1t pedag\u00f3giai szakszolg\u00e1latn\u00e1l (kor\u00e1bbi nev\u00e9n nevel\u00e9si tan\u00e1csad\u00f3) dolgoztam, ahol munk\u00e1m sor\u00e1n gazdag tapasztalatot szerezhettem a gyermekekkel, serd\u00fcl\u0151kkel \u00e9s sz\u00fcl\u0151kkel folytatott k\u00f6z\u00f6s munk\u00e1r\u00f3l. Jelenleg szak\u00e9rt\u0151i bizotts\u00e1gban dolgozom, ahol diagnosztikai munk\u00e1t v\u00e9gzek, emellett kezdtem meg mag\u00e1nrendel\u00e9semet a Mind &#8216;n&#8217; &hellip; <\/p>\n<p class=\"link-more\"><a href=\"https:\/\/www.szakacsliliana.hu\/?page_id=70\" class=\"more-link\"><span class=\"screen-reader-text\">&#8222;Bemutatkoz\u00e1s&#8221;<\/span> b\u0151vebben<\/a><\/p>\n","protected":false},"author":1,"featured_media":80,"parent":0,"menu_order":0,"comment_status":"closed","ping_status":"closed","template":"","meta":{"_mi_skip_tracking":false,"footnotes":""},"class_list":["post-70","page","type-page","status-publish","has-post-thumbnail","hentry"],"yoast_head":"<!-- This site is optimized with the Yoast SEO plugin v20.1 - https:\/\/yoast.com\/wordpress\/plugins\/seo\/ -->\n<title>Szak\u00e1cs Lili\u00e1na - Klinikai szakpszichol\u00f3gus, zeneterapeuta<\/title>\n<meta name=\"robots\" content=\"index, follow, max-snippet:-1, max-image-preview:large, max-video-preview:-1\" \/>\n<link rel=\"canonical\" href=\"https:\/\/www.szakacsliliana.hu\/?page_id=70\" \/>\n<meta property=\"og:locale\" content=\"hu_HU\" \/>\n<meta property=\"og:type\" content=\"article\" \/>\n<meta property=\"og:title\" content=\"Szak\u00e1cs Lili\u00e1na - Klinikai szakpszichol\u00f3gus, zeneterapeuta\" \/>\n<meta property=\"og:description\" content=\"Szak\u00e1cs Lili\u00e1na vagyok, klinikai- \u00e9s ment\u00e1lhigi\u00e9niai szakpszichol\u00f3gus, okleveles zeneterapeuta. F\u0151\u00e1ll\u00e1somban a pszichol\u00f3gusi oklevelem megszerz\u00e9se ut\u00e1n 2015-t\u0151l 5 \u00e9ven \u00e1t pedag\u00f3giai szakszolg\u00e1latn\u00e1l (kor\u00e1bbi nev\u00e9n nevel\u00e9si tan\u00e1csad\u00f3) dolgoztam, ahol munk\u00e1m sor\u00e1n gazdag tapasztalatot szerezhettem a gyermekekkel, serd\u00fcl\u0151kkel \u00e9s sz\u00fcl\u0151kkel folytatott k\u00f6z\u00f6s munk\u00e1r\u00f3l. Jelenleg szak\u00e9rt\u0151i bizotts\u00e1gban dolgozom, ahol diagnosztikai munk\u00e1t v\u00e9gzek, emellett kezdtem meg mag\u00e1nrendel\u00e9semet a Mind &#8216;n&#8217; &hellip; &quot;Bemutatkoz\u00e1s&quot; b\u0151vebben\" \/>\n<meta property=\"og:url\" content=\"https:\/\/www.szakacsliliana.hu\/?page_id=70\" \/>\n<meta property=\"og:site_name\" content=\"Szak\u00e1cs Lili\u00e1na - Klinikai szakpszichol\u00f3gus, zeneterapeuta\" \/>\n<meta property=\"article:modified_time\" content=\"2023-02-14T14:09:13+00:00\" \/>\n<meta property=\"og:image\" content=\"https:\/\/www.szakacsliliana.hu\/wp-content\/uploads\/2023\/02\/Psychology-perspectives-Slider-Template.jpeg\" \/>\n\t<meta property=\"og:image:width\" content=\"1560\" \/>\n\t<meta property=\"og:image:height\" content=\"600\" \/>\n\t<meta property=\"og:image:type\" content=\"image\/jpeg\" \/>\n<meta name=\"twitter:card\" content=\"summary_large_image\" \/>\n<meta name=\"twitter:label1\" content=\"Becs\u00fclt olvas\u00e1si id\u0151\" \/>\n\t<meta name=\"twitter:data1\" content=\"1 perc\" \/>\n<script type=\"application\/ld+json\" class=\"yoast-schema-graph\">{\"@context\":\"https:\/\/schema.org\",\"@graph\":[{\"@type\":\"WebPage\",\"@id\":\"https:\/\/www.szakacsliliana.hu\/?page_id=70\",\"url\":\"https:\/\/www.szakacsliliana.hu\/?page_id=70\",\"name\":\"Szak\u00e1cs Lili\u00e1na - Klinikai szakpszichol\u00f3gus, zeneterapeuta\",\"isPartOf\":{\"@id\":\"https:\/\/www.szakacsliliana.hu\/#website\"},\"datePublished\":\"2023-02-14T09:48:22+00:00\",\"dateModified\":\"2023-02-14T14:09:13+00:00\",\"breadcrumb\":{\"@id\":\"https:\/\/www.szakacsliliana.hu\/?page_id=70#breadcrumb\"},\"inLanguage\":\"hu\",\"potentialAction\":[{\"@type\":\"ReadAction\",\"target\":[\"https:\/\/www.szakacsliliana.hu\/?page_id=70\"]}]},{\"@type\":\"BreadcrumbList\",\"@id\":\"https:\/\/www.szakacsliliana.hu\/?page_id=70#breadcrumb\",\"itemListElement\":[{\"@type\":\"ListItem\",\"position\":1,\"name\":\"Home\",\"item\":\"https:\/\/www.szakacsliliana.hu\/\"},{\"@type\":\"ListItem\",\"position\":2,\"name\":\"Bemutatkoz\u00e1s\"}]},{\"@type\":\"WebSite\",\"@id\":\"https:\/\/www.szakacsliliana.hu\/#website\",\"url\":\"https:\/\/www.szakacsliliana.hu\/\",\"name\":\"Szak\u00e1cs Lili\u00e1na - Klinikai szakpszichol\u00f3gus, zeneterapeuta\",\"description\":\"\",\"potentialAction\":[{\"@type\":\"SearchAction\",\"target\":{\"@type\":\"EntryPoint\",\"urlTemplate\":\"https:\/\/www.szakacsliliana.hu\/?s={search_term_string}\"},\"query-input\":\"required name=search_term_string\"}],\"inLanguage\":\"hu\"}]}<\/script>\n<!-- \/ Yoast SEO plugin. -->","yoast_head_json":{"title":"Szak\u00e1cs Lili\u00e1na - Klinikai szakpszichol\u00f3gus, zeneterapeuta","robots":{"index":"index","follow":"follow","max-snippet":"max-snippet:-1","max-image-preview":"max-image-preview:large","max-video-preview":"max-video-preview:-1"},"canonical":"https:\/\/www.szakacsliliana.hu\/?page_id=70","og_locale":"hu_HU","og_type":"article","og_title":"Szak\u00e1cs Lili\u00e1na - Klinikai szakpszichol\u00f3gus, zeneterapeuta","og_description":"Szak\u00e1cs Lili\u00e1na vagyok, klinikai- \u00e9s ment\u00e1lhigi\u00e9niai szakpszichol\u00f3gus, okleveles zeneterapeuta. F\u0151\u00e1ll\u00e1somban a pszichol\u00f3gusi oklevelem megszerz\u00e9se ut\u00e1n 2015-t\u0151l 5 \u00e9ven \u00e1t pedag\u00f3giai szakszolg\u00e1latn\u00e1l (kor\u00e1bbi nev\u00e9n nevel\u00e9si tan\u00e1csad\u00f3) dolgoztam, ahol munk\u00e1m sor\u00e1n gazdag tapasztalatot szerezhettem a gyermekekkel, serd\u00fcl\u0151kkel \u00e9s sz\u00fcl\u0151kkel folytatott k\u00f6z\u00f6s munk\u00e1r\u00f3l. Jelenleg szak\u00e9rt\u0151i bizotts\u00e1gban dolgozom, ahol diagnosztikai munk\u00e1t v\u00e9gzek, emellett kezdtem meg mag\u00e1nrendel\u00e9semet a Mind &#8216;n&#8217; &hellip; \"Bemutatkoz\u00e1s\" b\u0151vebben","og_url":"https:\/\/www.szakacsliliana.hu\/?page_id=70","og_site_name":"Szak\u00e1cs Lili\u00e1na - Klinikai szakpszichol\u00f3gus, zeneterapeuta","article_modified_time":"2023-02-14T14:09:13+00:00","og_image":[{"width":1560,"height":600,"url":"https:\/\/www.szakacsliliana.hu\/wp-content\/uploads\/2023\/02\/Psychology-perspectives-Slider-Template.jpeg","type":"image\/jpeg"}],"twitter_card":"summary_large_image","twitter_misc":{"Becs\u00fclt olvas\u00e1si id\u0151":"1 perc"},"schema":{"@context":"https:\/\/schema.org","@graph":[{"@type":"WebPage","@id":"https:\/\/www.szakacsliliana.hu\/?page_id=70","url":"https:\/\/www.szakacsliliana.hu\/?page_id=70","name":"Szak\u00e1cs Lili\u00e1na - Klinikai szakpszichol\u00f3gus, zeneterapeuta","isPartOf":{"@id":"https:\/\/www.szakacsliliana.hu\/#website"},"datePublished":"2023-02-14T09:48:22+00:00","dateModified":"2023-02-14T14:09:13+00:00","breadcrumb":{"@id":"https:\/\/www.szakacsliliana.hu\/?page_id=70#breadcrumb"},"inLanguage":"hu","potentialAction":[{"@type":"ReadAction","target":["https:\/\/www.szakacsliliana.hu\/?page_id=70"]}]},{"@type":"BreadcrumbList","@id":"https:\/\/www.szakacsliliana.hu\/?page_id=70#breadcrumb","itemListElement":[{"@type":"ListItem","position":1,"name":"Home","item":"https:\/\/www.szakacsliliana.hu\/"},{"@type":"ListItem","position":2,"name":"Bemutatkoz\u00e1s"}]},{"@type":"WebSite","@id":"https:\/\/www.szakacsliliana.hu\/#website","url":"https:\/\/www.szakacsliliana.hu\/","name":"Szak\u00e1cs Lili\u00e1na - Klinikai szakpszichol\u00f3gus, zeneterapeuta","description":"","potentialAction":[{"@type":"SearchAction","target":{"@type":"EntryPoint","urlTemplate":"https:\/\/www.szakacsliliana.hu\/?s={search_term_string}"},"query-input":"required name=search_term_string"}],"inLanguage":"hu"}]}},"_links":{"self":[{"href":"https:\/\/www.szakacsliliana.hu\/index.php?rest_route=\/wp\/v2\/pages\/70","targetHints":{"allow":["GET"]}}],"collection":[{"href":"https:\/\/www.szakacsliliana.hu\/index.php?rest_route=\/wp\/v2\/pages"}],"about":[{"href":"https:\/\/www.szakacsliliana.hu\/index.php?rest_route=\/wp\/v2\/types\/page"}],"author":[{"embeddable":true,"href":"https:\/\/www.szakacsliliana.hu\/index.php?rest_route=\/wp\/v2\/users\/1"}],"replies":[{"embeddable":true,"href":"https:\/\/www.szakacsliliana.hu\/index.php?rest_route=%2Fwp%2Fv2%2Fcomments&post=70"}],"version-history":[{"count":2,"href":"https:\/\/www.szakacsliliana.hu\/index.php?rest_route=\/wp\/v2\/pages\/70\/revisions"}],"predecessor-version":[{"id":89,"href":"https:\/\/www.szakacsliliana.hu\/index.php?rest_route=\/wp\/v2\/pages\/70\/revisions\/89"}],"wp:featuredmedia":[{"embeddable":true,"href":"https:\/\/www.szakacsliliana.hu\/index.php?rest_route=\/wp\/v2\/media\/80"}],"wp:attachment":[{"href":"https:\/\/www.szakacsliliana.hu\/index.php?rest_route=%2Fwp%2Fv2%2Fmedia&parent=70"}],"curies":[{"name":"wp","href":"https:\/\/api.w.org\/{rel}","templated":true}]}}